{"id":1305,"date":"2024-06-10T21:25:43","date_gmt":"2024-06-10T19:25:43","guid":{"rendered":"https:\/\/eshopkleinod.cz\/kontakt\/"},"modified":"2024-11-06T21:01:08","modified_gmt":"2024-11-06T20:01:08","slug":"contact","status":"publish","type":"page","link":"https:\/\/eshopkleinod.cz\/en\/contact\/","title":{"rendered":"Contact"},"content":{"rendered":"\n<div class=\"wp-block-columns is-layout-flex wp-container-core-columns-is-layout-9d6595d7 wp-block-columns-is-layout-flex\">\n<div class=\"wp-block-column is-layout-flow wp-block-column-is-layout-flow\">\n<figure class=\"wp-block-image size-full kontakt-center\"><img loading=\"lazy\" decoding=\"async\" width=\"65\" height=\"66\" src=\"https:\/\/eshopkleinod.cz\/wp-content\/uploads\/2024\/10\/icon-contact.png\" alt=\"\" class=\"wp-image-1274\" style=\"object-fit:cover\"\/><\/figure>\n\n\n\n<div class=\"wpb_text_column wpb_content_element \">\n<div class=\"wpb_wrapper\">\n<h2 style=\"text-align: center;\">Contact Us<\/h2>\n<\/p><\/div>\n<\/p><\/div>\n<div class=\"wpb_text_column wpb_content_element \">\n<div class=\"wpb_wrapper\">\n<div class=\"wpb_text_column wpb_content_element \">\n<div class=\"wpb_wrapper\">\n<p style=\"text-align: center;\">Phone: <a href=\"tel: +420 733 320 186\">+420 733 320 186<\/a><br \/>E-mail: <a href=\"mailto:kleinod@seznam.cz\">kleinod@seznam.cz<\/a><\/p > <\/div>\n<\/p><\/div>\n<div class=\"wpb_text_column wpb_content_element \">\n<div class=\"wpb_wrapper\">\n<p style=\"text-align: center;\"><a class=\"button-contact\" href= \"https:\/\/kleinod.cz\/kontakt\/#formular\">BOOK AN MEETING<\/a><\/p>\n<\/p><\/div>\n<\/p><\/div>\n<\/p><\/div>\n<\/p><\/div>\n<\/div>\n\n\n\n<div class=\"wp-block-column is-layout-flow wp-block-column-is-layout-flow\">\n<figure class=\"wp-block-image size-full kontakt-center\"><img loading=\"lazy\" decoding=\"async\" width=\"64\" height=\"66\" src=\"https:\/\/eshopkleinod.cz\/wp-content\/uploads\/2024\/10\/icon-prodejna.png\" alt=\"\" class=\"wp-image-1277\" style=\"object-fit:cover\"\/><\/figure>\n\n\n\n<div class=\"wpb_text_column wpb_content_element \">\n<div class=\"wpb_wrapper\">\n<h2 style=\"text-align: center;\">Shop<\/h2>\n<p style=\"text-align: center;\">English 13 ,<br \/>120 00 Prague 2<\/p>\n<\/p><\/div>\n<\/p><\/div>\n<div class=\"wpb_text_column wpb_content_element \">\n<div class=\"wpb_wrapper\">\n<p style=\"text-align: center;\"><a href=\"https:\/\/www.google.com\/maps\/dir\/\/KLEINOD+Gentleman+Store,+Anglick%C3%A1+510%2F13,+120+00+Vinohrady\/@50.076973 7,14.397987,13z\/data=!4m8!4m7!1m0!1m5!1m1!1s0x470b923240102893:0x10f6c01d553c7219!2m2!1d14.433092!2d50.076979?hl=en\" target=\"_blank\" rel=\"noopener\">VIEW MAP<\/a><\/p>\n<\/p><\/div>\n<\/p><\/div>\n<\/div>\n\n\n\n<div class=\"wp-block-column is-layout-flow wp-block-column-is-layout-flow\">\n<figure class=\"wp-block-image size-full kontakt-center\"><img loading=\"lazy\" decoding=\"async\" width=\"64\" height=\"66\" src=\"https:\/\/eshopkleinod.cz\/wp-content\/uploads\/2024\/10\/icon-doba.png\" alt=\"\" class=\"wp-image-1279\"\/><\/figure>\n\n\n\n<div class=\"wpb_text_column wpb_content_element \">\n<div class=\"wpb_wrapper\">\n<h2 style=\"text-align: center;\">Opening hours<\/h2>\n<\/div>\n<\/div>\n<p style=\"text-align: center;\">Mon-Fri: 10am-7pm<br \/>Sat: 10am-3pm<br \/>Sunday: CLOSED<\/p>\n<p style=\"text-align: center;\">We are closed during public holidays.<\/p>\n<\/div>\n<\/div>\n\n\n\n<div style=\"height:54px\" aria-hidden=\"true\" class=\"wp-block-spacer\"><\/div>\n\n\n\n<div style=\"text-align: center; margin-bottom: 55px;\"><a href=\"https:\/\/www.facebook.com\/Kleinod.CZ\" target=\"_blank\" rel=\"noopener\"><img loading=\"lazy\" decoding=\"async\" class=\"size-full wp-image-8423\" style=\"display: inline-block; margin: 0 10px;\" src=\"https:\/\/kleinod.cz\/wp-content\/uploads\/2024\/09\/face.jpg\" alt=\"facebook\" width=\"100\" height=\"100\" \/><\/a><a href=\"https:\/\/www.instagram.com\/kleinod_gentleman_store\/\" target=\"_blank\" rel=\"noopener\"><img loading=\"lazy\" decoding=\"async\" class=\"size-medium wp-image-8426\" style=\"display: inline-block; margin: 0 10px;\" src=\"https:\/\/kleinod.cz\/wp-content\/uploads\/2024\/09\/insta.jpg\" alt=\"\" width=\"100\" height=\"100\" \/><\/a><\/div>\n\n\n<p style=\"text-align: center;\"><strong>We accept payment cards.<\/strong><\/p>\n<p style=\"text-align: center;\">Kleinod \u2013 wedding house Praha, s.r.o., I\u010c : 27617971, VAT number: CZ27617971, Company registered at the Register Court in Prague, file number: C 119269<\/p>\n<p style=\"text-align: center;\">Bank connection: \u010cesk\u00e1 spo\u0159itelna a.s., account number 4232401389\/0800<\/p>\n\n\n<div class=\"wp-block-jetpack-tiled-gallery aligncenter is-style-rectangular\"><div class=\"\"><div class=\"tiled-gallery__gallery\"><div class=\"tiled-gallery__row\"><div class=\"tiled-gallery__col\" style=\"flex-basis:50.00000%\"><figure class=\"tiled-gallery__item\"><a href=\"https:\/\/eshopkleinod.cz\/wp-content\/uploads\/2024\/10\/kleinod_gentleman_store_1-1.jpg\"><img decoding=\"async\" srcset=\"https:\/\/i0.wp.com\/eshopkleinod.cz\/wp-content\/uploads\/2024\/10\/kleinod_gentleman_store_1-1.jpg?strip=info&#038;w=600&#038;ssl=1 600w,https:\/\/i0.wp.com\/eshopkleinod.cz\/wp-content\/uploads\/2024\/10\/kleinod_gentleman_store_1-1.jpg?strip=info&#038;w=900&#038;ssl=1 900w,https:\/\/i0.wp.com\/eshopkleinod.cz\/wp-content\/uploads\/2024\/10\/kleinod_gentleman_store_1-1.jpg?strip=info&#038;w=1000&#038;ssl=1 1000w\" alt=\"\" data-height=\"563\" data-id=\"1341\" data-link=\"https:\/\/eshopkleinod.cz\/kleinod_gentleman_store_1-2\/\" data-url=\"https:\/\/eshopkleinod.cz\/wp-content\/uploads\/2024\/10\/kleinod_gentleman_store_1-1.jpg\" data-width=\"1000\" src=\"https:\/\/i0.wp.com\/eshopkleinod.cz\/wp-content\/uploads\/2024\/10\/kleinod_gentleman_store_1-1.jpg?ssl=1\" data-amp-layout=\"responsive\" tabindex=\"0\" role=\"button\" aria-label=\"Open image 1 of 6 in full-screen\"\/><\/a><\/figure><\/div><div class=\"tiled-gallery__col\" style=\"flex-basis:50.00000%\"><figure class=\"tiled-gallery__item\"><a href=\"https:\/\/eshopkleinod.cz\/wp-content\/uploads\/2024\/10\/kleinod_gentleman_store_5-1.jpg\"><img decoding=\"async\" srcset=\"https:\/\/i1.wp.com\/eshopkleinod.cz\/wp-content\/uploads\/2024\/10\/kleinod_gentleman_store_5-1.jpg?strip=info&#038;w=600&#038;ssl=1 600w,https:\/\/i1.wp.com\/eshopkleinod.cz\/wp-content\/uploads\/2024\/10\/kleinod_gentleman_store_5-1.jpg?strip=info&#038;w=900&#038;ssl=1 900w,https:\/\/i1.wp.com\/eshopkleinod.cz\/wp-content\/uploads\/2024\/10\/kleinod_gentleman_store_5-1.jpg?strip=info&#038;w=1000&#038;ssl=1 1000w\" alt=\"\" data-height=\"563\" data-id=\"1349\" data-link=\"https:\/\/eshopkleinod.cz\/kleinod_gentleman_store_5\/\" data-url=\"https:\/\/eshopkleinod.cz\/wp-content\/uploads\/2024\/10\/kleinod_gentleman_store_5-1.jpg\" data-width=\"1000\" src=\"https:\/\/i1.wp.com\/eshopkleinod.cz\/wp-content\/uploads\/2024\/10\/kleinod_gentleman_store_5-1.jpg?ssl=1\" data-amp-layout=\"responsive\" tabindex=\"0\" role=\"button\" aria-label=\"Open image 2 of 6 in full-screen\"\/><\/a><\/figure><\/div><\/div><div class=\"tiled-gallery__row\"><div class=\"tiled-gallery__col\" style=\"flex-basis:50.67202%\"><figure class=\"tiled-gallery__item\"><a href=\"https:\/\/eshopkleinod.cz\/wp-content\/uploads\/2024\/10\/kleinod_gentleman_store_3-1.jpg\"><img decoding=\"async\" srcset=\"https:\/\/i0.wp.com\/eshopkleinod.cz\/wp-content\/uploads\/2024\/10\/kleinod_gentleman_store_3-1.jpg?strip=info&#038;w=600&#038;ssl=1 600w,https:\/\/i0.wp.com\/eshopkleinod.cz\/wp-content\/uploads\/2024\/10\/kleinod_gentleman_store_3-1.jpg?strip=info&#038;w=900&#038;ssl=1 900w,https:\/\/i0.wp.com\/eshopkleinod.cz\/wp-content\/uploads\/2024\/10\/kleinod_gentleman_store_3-1.jpg?strip=info&#038;w=1000&#038;ssl=1 1000w\" alt=\"\" data-height=\"585\" data-id=\"1345\" data-link=\"https:\/\/eshopkleinod.cz\/kleinod_gentleman_store_3\/\" data-url=\"https:\/\/eshopkleinod.cz\/wp-content\/uploads\/2024\/10\/kleinod_gentleman_store_3-1.jpg\" data-width=\"1000\" src=\"https:\/\/i0.wp.com\/eshopkleinod.cz\/wp-content\/uploads\/2024\/10\/kleinod_gentleman_store_3-1.jpg?ssl=1\" data-amp-layout=\"responsive\" tabindex=\"0\" role=\"button\" aria-label=\"Open image 3 of 6 in full-screen\"\/><\/a><\/figure><figure class=\"tiled-gallery__item\"><a href=\"https:\/\/eshopkleinod.cz\/wp-content\/uploads\/2024\/10\/kleinod_gentleman_store_4-1.jpg\"><img decoding=\"async\" srcset=\"https:\/\/i0.wp.com\/eshopkleinod.cz\/wp-content\/uploads\/2024\/10\/kleinod_gentleman_store_4-1.jpg?strip=info&#038;w=600&#038;ssl=1 600w,https:\/\/i0.wp.com\/eshopkleinod.cz\/wp-content\/uploads\/2024\/10\/kleinod_gentleman_store_4-1.jpg?strip=info&#038;w=900&#038;ssl=1 900w,https:\/\/i0.wp.com\/eshopkleinod.cz\/wp-content\/uploads\/2024\/10\/kleinod_gentleman_store_4-1.jpg?strip=info&#038;w=1000&#038;ssl=1 1000w\" alt=\"\" data-height=\"563\" data-id=\"1347\" data-link=\"https:\/\/eshopkleinod.cz\/kleinod_gentleman_store_4\/\" data-url=\"https:\/\/eshopkleinod.cz\/wp-content\/uploads\/2024\/10\/kleinod_gentleman_store_4-1.jpg\" data-width=\"1000\" src=\"https:\/\/i0.wp.com\/eshopkleinod.cz\/wp-content\/uploads\/2024\/10\/kleinod_gentleman_store_4-1.jpg?ssl=1\" data-amp-layout=\"responsive\" tabindex=\"0\" role=\"button\" aria-label=\"Open image 4 of 6 in full-screen\"\/><\/a><\/figure><figure class=\"tiled-gallery__item\"><a href=\"https:\/\/eshopkleinod.cz\/wp-content\/uploads\/2024\/10\/kleinod_gentleman_store_2-1.jpg\"><img decoding=\"async\" srcset=\"https:\/\/i0.wp.com\/eshopkleinod.cz\/wp-content\/uploads\/2024\/10\/kleinod_gentleman_store_2-1.jpg?strip=info&#038;w=600&#038;ssl=1 600w,https:\/\/i0.wp.com\/eshopkleinod.cz\/wp-content\/uploads\/2024\/10\/kleinod_gentleman_store_2-1.jpg?strip=info&#038;w=900&#038;ssl=1 900w,https:\/\/i0.wp.com\/eshopkleinod.cz\/wp-content\/uploads\/2024\/10\/kleinod_gentleman_store_2-1.jpg?strip=info&#038;w=1000&#038;ssl=1 1000w\" alt=\"\" data-height=\"563\" data-id=\"1343\" data-link=\"https:\/\/eshopkleinod.cz\/kleinod_gentleman_store_2\/\" data-url=\"https:\/\/eshopkleinod.cz\/wp-content\/uploads\/2024\/10\/kleinod_gentleman_store_2-1.jpg\" data-width=\"1000\" src=\"https:\/\/i0.wp.com\/eshopkleinod.cz\/wp-content\/uploads\/2024\/10\/kleinod_gentleman_store_2-1.jpg?ssl=1\" data-amp-layout=\"responsive\" tabindex=\"0\" role=\"button\" aria-label=\"Open image 5 of 6 in full-screen\"\/><\/a><\/figure><\/div><div class=\"tiled-gallery__col\" style=\"flex-basis:49.32798%\"><figure class=\"tiled-gallery__item\"><a href=\"https:\/\/eshopkleinod.cz\/wp-content\/uploads\/2024\/10\/kleinod_gentleman_store_1.jpg\"><img decoding=\"async\" srcset=\"https:\/\/i1.wp.com\/eshopkleinod.cz\/wp-content\/uploads\/2024\/10\/kleinod_gentleman_store_1.jpg?strip=info&#038;w=576&#038;ssl=1 576w\" alt=\"\" data-height=\"1024\" data-id=\"1325\" data-link=\"https:\/\/eshopkleinod.cz\/kleinod_gentleman_store_1\/\" data-url=\"https:\/\/eshopkleinod.cz\/wp-content\/uploads\/2024\/10\/kleinod_gentleman_store_1.jpg\" data-width=\"576\" src=\"https:\/\/i1.wp.com\/eshopkleinod.cz\/wp-content\/uploads\/2024\/10\/kleinod_gentleman_store_1.jpg?ssl=1\" data-amp-layout=\"responsive\" tabindex=\"0\" role=\"button\" aria-label=\"Open image 6 of 6 in full-screen\"\/><\/a><\/figure><\/div><\/div><\/div><\/div><\/div>\n\n\n\n<div style=\"height:54px\" aria-hidden=\"true\" class=\"wp-block-spacer\"><\/div>\n\n\n\n<h2 class=\"wp-block-heading has-text-align-center\">Write us a message<\/h2>\n\n\n\n<div class=\"wpcf7 no-js\" id=\"wpcf7-f1360-o1\" lang=\"cs-CZ\" dir=\"ltr\" data-wpcf7-id=\"1360\">\n<div class=\"screen-reader-response\"><p role=\"status\" aria-live=\"polite\" aria-atomic=\"true\"><\/p> <ul><\/ul><\/div>\n<form action=\"\/en\/wp-json\/wp\/v2\/pages\/1305#wpcf7-f1360-o1\" method=\"post\" class=\"wpcf7-form init\" aria-label=\"Kontaktn\u00ed formul\u00e1\u0159\" novalidate=\"novalidate\" data-status=\"init\">\n<fieldset class=\"hidden-fields-container\"><input type=\"hidden\" name=\"_wpcf7\" value=\"1360\" \/><input type=\"hidden\" name=\"_wpcf7_version\" value=\"6.1.5\" \/><input type=\"hidden\" name=\"_wpcf7_locale\" value=\"cs_CZ\" \/><input type=\"hidden\" name=\"_wpcf7_unit_tag\" value=\"wpcf7-f1360-o1\" \/><input type=\"hidden\" name=\"_wpcf7_container_post\" value=\"0\" \/><input type=\"hidden\" name=\"_wpcf7_posted_data_hash\" value=\"\" \/><input type=\"hidden\" name=\"_wpcf7_recaptcha_response\" value=\"\" \/>\n<\/fieldset>\n<p><label>Your name and surname<br \/>\n<span class=\"wpcf7-form-control-wrap\" data-name=\"your-name\"><input size=\"40\" maxlength=\"400\" class=\"wpcf7-form-control wpcf7-text wpcf7-validates-as-required\" aria-required=\"true\" aria-invalid=\"false\" value=\"\" type=\"text\" name=\"your-name\" \/><\/span> <\/label>\n<\/p>\n<p><label> Your e-mail<br \/>\n<span class=\"wpcf7-form-control-wrap\" data-name=\"your-email\"><input size=\"40\" maxlength=\"400\" class=\"wpcf7-form-control wpcf7-email wpcf7-validates-as-required wpcf7-text wpcf7-validates-as-email\" aria-required=\"true\" aria-invalid=\"false\" value=\"\" type=\"email\" name=\"your-email\" \/><\/span> <\/label>\n<\/p>\n<p><label> Phone<br \/>\n<span class=\"wpcf7-form-control-wrap\" data-name=\"tel-number\"><input size=\"40\" maxlength=\"400\" class=\"wpcf7-form-control wpcf7-tel wpcf7-validates-as-required wpcf7-text wpcf7-validates-as-tel\" aria-required=\"true\" aria-invalid=\"false\" value=\"\" type=\"tel\" name=\"tel-number\" \/><\/span> <\/label>\n<\/p>\n<p><label> Your message<br \/>\n<span class=\"wpcf7-form-control-wrap\" data-name=\"your-message\"><textarea cols=\"40\" rows=\"10\" maxlength=\"2000\" class=\"wpcf7-form-control wpcf7-textarea\" aria-invalid=\"false\" name=\"your-message\"><\/textarea><\/span> <\/label>\n<\/p>\n<p><input class=\"wpcf7-form-control wpcf7-submit has-spinner\" type=\"submit\" value=\"Send\" \/>\n<\/p><div class=\"wpcf7-response-output\" aria-hidden=\"true\"><\/div>\n<\/form>\n<\/div>\n\n","protected":false},"excerpt":{"rendered":"<p>Contact Us Phone: +420 733 320 186E-mail: kleinod@seznam.cz BOOK AN MEETING Shop English 13 ,120 00 Prague 2 VIEW MAP Opening hours Mon-Fri: 10am-7pmSat: 10am-3pmSunday: CLOSED We are closed during public holidays. We accept payment cards. Kleinod \u2013 wedding house Praha, s.r.o., I\u010c : 27617971, VAT number: CZ27617971, Company registered at the Register Court in <\/p>\n","protected":false},"author":1,"featured_media":0,"parent":0,"menu_order":0,"comment_status":"closed","ping_status":"closed","template":"","meta":{"_acf_changed":false,"footnotes":""},"class_list":["post-1305","page","type-page","status-publish","hentry"],"acf":[],"jetpack_sharing_enabled":true,"_links":{"self":[{"href":"https:\/\/eshopkleinod.cz\/en\/wp-json\/wp\/v2\/pages\/1305","targetHints":{"allow":["GET"]}}],"collection":[{"href":"https:\/\/eshopkleinod.cz\/en\/wp-json\/wp\/v2\/pages"}],"about":[{"href":"https:\/\/eshopkleinod.cz\/en\/wp-json\/wp\/v2\/types\/page"}],"author":[{"embeddable":true,"href":"https:\/\/eshopkleinod.cz\/en\/wp-json\/wp\/v2\/users\/1"}],"replies":[{"embeddable":true,"href":"https:\/\/eshopkleinod.cz\/en\/wp-json\/wp\/v2\/comments?post=1305"}],"version-history":[{"count":15,"href":"https:\/\/eshopkleinod.cz\/en\/wp-json\/wp\/v2\/pages\/1305\/revisions"}],"predecessor-version":[{"id":1756,"href":"https:\/\/eshopkleinod.cz\/en\/wp-json\/wp\/v2\/pages\/1305\/revisions\/1756"}],"wp:attachment":[{"href":"https:\/\/eshopkleinod.cz\/en\/wp-json\/wp\/v2\/media?parent=1305"}],"curies":[{"name":"wp","href":"https:\/\/api.w.org\/{rel}","templated":true}]}}